{"id":43118,"date":"2024-04-12T19:45:05","date_gmt":"2024-04-12T17:45:05","guid":{"rendered":"https:\/\/www.cesarecatania.eu\/?page_id=43118"},"modified":"2025-09-14T17:03:27","modified_gmt":"2025-09-14T15:03:27","slug":"crea-la-tua-scultura-dellabbraccio","status":"publish","type":"page","link":"https:\/\/www.cesarecatania.eu\/fr\/crea-la-tua-scultura-dellabbraccio\/","title":{"rendered":"Cr\u00e9e ta propre sculpture de l&#8217;\u00e9treinte"},"content":{"rendered":"\t\t<div data-elementor-type=\"wp-page\" data-elementor-id=\"43118\" class=\"elementor elementor-43118 elementor-41984\" data-elementor-settings=\"{&quot;element_pack_global_tooltip_width&quot;:{&quot;unit&quot;:&quot;px&quot;,&quot;size&quot;:&quot;&quot;,&quot;sizes&quot;:[]},&quot;element_pack_global_tooltip_width_tablet&quot;:{&quot;unit&quot;:&quot;px&quot;,&quot;size&quot;:&quot;&quot;,&quot;sizes&quot;:[]},&quot;element_pack_global_tooltip_width_mobile&quot;:{&quot;unit&quot;:&quot;px&quot;,&quot;size&quot;:&quot;&quot;,&quot;sizes&quot;:[]},&quot;element_pack_global_tooltip_padding&quot;:{&quot;unit&quot;:&quot;px&quot;,&quot;top&quot;:&quot;&quot;,&quot;right&quot;:&quot;&quot;,&quot;bottom&quot;:&quot;&quot;,&quot;left&quot;:&quot;&quot;,&quot;isLinked&quot;:true},&quot;element_pack_global_tooltip_padding_tablet&quot;:{&quot;unit&quot;:&quot;px&quot;,&quot;top&quot;:&quot;&quot;,&quot;right&quot;:&quot;&quot;,&quot;bottom&quot;:&quot;&quot;,&quot;left&quot;:&quot;&quot;,&quot;isLinked&quot;:true},&quot;element_pack_global_tooltip_padding_mobile&quot;:{&quot;unit&quot;:&quot;px&quot;,&quot;top&quot;:&quot;&quot;,&quot;right&quot;:&quot;&quot;,&quot;bottom&quot;:&quot;&quot;,&quot;left&quot;:&quot;&quot;,&quot;isLinked&quot;:true},&quot;element_pack_global_tooltip_border_radius&quot;:{&quot;unit&quot;:&quot;px&quot;,&quot;top&quot;:&quot;&quot;,&quot;right&quot;:&quot;&quot;,&quot;bottom&quot;:&quot;&quot;,&quot;left&quot;:&quot;&quot;,&quot;isLinked&quot;:true},&quot;element_pack_global_tooltip_border_radius_tablet&quot;:{&quot;unit&quot;:&quot;px&quot;,&quot;top&quot;:&quot;&quot;,&quot;right&quot;:&quot;&quot;,&quot;bottom&quot;:&quot;&quot;,&quot;left&quot;:&quot;&quot;,&quot;isLinked&quot;:true},&quot;element_pack_global_tooltip_border_radius_mobile&quot;:{&quot;unit&quot;:&quot;px&quot;,&quot;top&quot;:&quot;&quot;,&quot;right&quot;:&quot;&quot;,&quot;bottom&quot;:&quot;&quot;,&quot;left&quot;:&quot;&quot;,&quot;isLinked&quot;:true}}\" data-elementor-post-type=\"page\">\n\t\t\t\t\t\t<section class=\"has_eae_slider elementor-section elementor-top-section elementor-element elementor-element-c84b41a elementor-section-full_width elementor-section-stretched elementor-section-height-default elementor-section-height-default\" data-eae-slider=\"52821\" data-id=\"c84b41a\" data-element_type=\"section\" data-settings=\"{&quot;stretch_section&quot;:&quot;section-stretched&quot;}\">\n\t\t\t\t\t\t<div class=\"elementor-container elementor-column-gap-default\">\n\t\t\t\t\t<div class=\"has_eae_slider elementor-column elementor-col-100 elementor-top-column elementor-element elementor-element-994e2bf\" data-eae-slider=\"50652\" data-id=\"994e2bf\" data-element_type=\"column\">\n\t\t\t<div class=\"elementor-widget-wrap elementor-element-populated\">\n\t\t\t\t\t\t<div class=\"elementor-element elementor-element-95485f2 elementor-widget elementor-widget-shortcode\" data-id=\"95485f2\" data-element_type=\"widget\" data-widget_type=\"shortcode.default\">\n\t\t\t\t<div class=\"elementor-widget-container\">\n\t\t\t\t\t\t\t<div class=\"elementor-shortcode\"><div id=\"fs-modal\" class=\"fs-modal\">\n  <div class=\"fs-card\">\n  <div class=\"fs-title\">\n  Voulez-vous voir en plein \u00e9cran ?<\/div>\n<div class=\"fs-actions\">\n  <button id=\"fs-yes\" class=\"fs-btn primary\">\n    Oui  <\/button>\n  <button id=\"fs-no\" class=\"fs-btn\">\n    Non  <\/button>\n<\/div>\n\n  <\/div>\n<\/div>\n\n\n\n<div class=\"app\" id=\"app-root\">\n  <div class=\"viewer\">\n    <div class=\"text-overlay\">\n  ART POUR TOUS<br>\n  \"L\u2019EMBRASSADE\"<br>\n  Version Collective<\/div>\n\n    <div class=\"author-overlay\">\n      Cesare Catania<br>\n      <span id=\"user-name\"><\/span>\n    <\/div>\n    <iframe id=\"api-frame\" allow=\"autoplay; fullscreen; xr-spatial-tracking\"\n      allowvr allowfullscreen mozallowfullscreen=\"true\" webkitallowfullscreen=\"true\"><\/iframe>\n      \n  <button id=\"fs-toggle\" class=\"fs-toggle\" title=\"Fullscreen\">\n    <i class=\"fas fa-expand\"><\/i>\n  <\/button>\n  <\/div>\n\n  <div class=\"options\">\n    <div class=\"option-group\">\n  <div class=\"option\">\n    <button id=\"geoide-sx\">T\u00eate Gauche<\/button>\n    <div class=\"textures geoide-sx-textures\"><\/div>\n    <div class=\"texture-name-display\">Mat\u00e9riau s\u00e9lectionn\u00e9 : <span id=\"texture-name-geoide-sx\"><\/span><\/div>\n  <\/div>\n  <div class=\"option\">\n    <button id=\"geoide-dx\">T\u00eate Droite<\/button>\n    <div class=\"textures geoide-dx-textures\"><\/div>\n    <div class=\"texture-name-display\">Mat\u00e9riau s\u00e9lectionn\u00e9 : <span id=\"texture-name-geoide-dx\"><\/span><\/div>\n  <\/div>\n  <div class=\"option\">\n    <button id=\"sfera-18\">Petite \u00c9paule<\/button>\n    <div class=\"textures sfera-18-textures\"><\/div>\n    <div class=\"texture-name-display\">Mat\u00e9riau s\u00e9lectionn\u00e9 : <span id=\"texture-name-sfera-18\"><\/span><\/div>\n  <\/div>\n  <div class=\"option\">\n    <button id=\"sfera-40\">Grande \u00c9paule<\/button>\n    <div class=\"textures sfera-40-textures\"><\/div>\n    <div class=\"texture-name-display\">Mat\u00e9riau s\u00e9lectionn\u00e9 : <span id=\"texture-name-sfera-40\"><\/span><\/div>\n  <\/div>\n  <div class=\"option\">\n    <button id=\"ellisse\">Bras<\/button>\n    <div class=\"textures ellisse-textures\"><\/div>\n    <div class=\"texture-name-display\">Mat\u00e9riau s\u00e9lectionn\u00e9 : <span id=\"texture-name-ellisse\"><\/span><\/div>\n  <\/div>\n  <div class=\"option\">\n    <button id=\"asta\">Corps<\/button>\n    <div class=\"textures asta-textures\"><\/div>\n    <div class=\"texture-name-display\">Mat\u00e9riau s\u00e9lectionn\u00e9 : <span id=\"texture-name-asta\"><\/span><\/div>\n  <\/div>\n  <div class=\"option\">\n    <button id=\"sfera-30\">Hanches<\/button>\n    <div class=\"textures sfera-30-textures\"><\/div>\n    <div class=\"texture-name-display\">Mat\u00e9riau s\u00e9lectionn\u00e9 : <span id=\"texture-name-sfera-30\"><\/span><\/div>\n  <\/div>\n  <div class=\"option\">\n    <button id=\"piedistallo\">Pi\u00e9destal<\/button>\n    <div class=\"textures piedistallo-textures\"><\/div>\n    <div class=\"texture-name-display\">Mat\u00e9riau s\u00e9lectionn\u00e9 : <span id=\"texture-name-piedistallo\"><\/span><\/div>\n  <\/div>\n<\/div>\n\n\n    <div class=\"option-group\">\n      <div class=\"option\">\n       <button id=\"sfondo\">Arri\u00e8re-plan<\/button>\n        <div class=\"backgrounds sfondo-backgrounds\"><\/div>\n      <\/div>\n    <\/div>\n\n    <div class=\"form-group\">\n      <p style=\"margin: 0 10px 0 14px\">\n  Entrez votre pr\u00e9nom, nom et adresse e-mail. Enfin, cliquez sur \"Exporter en HD\" pour obtenir la copie HD de votre Embrassade personnalis\u00e9e.<\/p>\n\n  <input type=\"text\" id=\"nome\" placeholder=\"Pr\u00e9nom\">\n<div class=\"field-error\" id=\"nome-error\"><\/div>\n\n<input type=\"text\" id=\"cognome\" placeholder=\"Nom\">\n\n<input type=\"email\" id=\"email-destinatario\" placeholder=\"Votre e-mail\">\n\n      <div class=\"field-error\" id=\"email-error\"><\/div>\n    <\/div>\n\n<div class=\"option-group\">\n\n<button id=\"screenshot-btn\" class=\"background-button\" type=\"button\">\n  <span class=\"btn-text\">Exporter en HD<\/span>\n\n  <i class=\"fas fa-spinner fa-spin btn-loader\" style=\"display:none;\"><\/i>\n<\/button>\n\n\n\n<\/div>\n\n  <\/div>\n<\/div>\n\n<\/div>\n\t\t\t\t\t\t<\/div>\n\t\t\t\t<\/div>\n\t\t\t\t\t<\/div>\n\t\t<\/div>\n\t\t\t\t\t<\/div>\n\t\t<\/section>\n\t\t\t\t<\/div>\n\t\t","protected":false},"excerpt":{"rendered":"","protected":false},"author":20,"featured_media":0,"parent":0,"menu_order":0,"comment_status":"closed","ping_status":"closed","template":"","meta":{"_eb_attr":"","_vp_format_video_url":"","_vp_image_focal_point":[],"_vp_custom_popup_image":0,"_vp_format_audio_url":"","_vp_custom_thumbnail":0,"_vp_custom_thumbnail_focal_point":[],"_vp_hover_thumbnail":0,"_vp_hover_thumbnail_focal_point":[],"footnotes":""},"categories":[],"tags":[],"class_list":["post-43118","page","type-page","status-publish","hentry"],"yoast_head":"<!-- This site is optimized with the Yoast SEO plugin v26.5 - https:\/\/yoast.com\/wordpress\/plugins\/seo\/ -->\n<title>Cr\u00e9e ta propre sculpture de l&#039;\u00e9treinte - Cesare Catania - Contemporary Art<\/title>\n<meta name=\"robots\" content=\"index, follow, max-snippet:-1, max-image-preview:large, max-video-preview:-1\" \/>\n<link rel=\"canonical\" href=\"https:\/\/www.cesarecatania.eu\/fr\/crea-la-tua-scultura-dellabbraccio\/\" \/>\n<meta property=\"og:locale\" content=\"fr_FR\" \/>\n<meta property=\"og:type\" content=\"article\" \/>\n<meta property=\"og:title\" content=\"Cr\u00e9e ta propre sculpture de l&#039;\u00e9treinte - Cesare Catania - Contemporary Art\" \/>\n<meta property=\"og:url\" content=\"https:\/\/www.cesarecatania.eu\/fr\/crea-la-tua-scultura-dellabbraccio\/\" \/>\n<meta property=\"og:site_name\" content=\"Cesare Catania - Contemporary Art\" \/>\n<meta property=\"article:modified_time\" content=\"2025-09-14T15:03:27+00:00\" \/>\n<meta name=\"twitter:card\" content=\"summary_large_image\" \/>\n<meta name=\"twitter:site\" content=\"@cesare_catania\" \/>\n<script type=\"application\/ld+json\" class=\"yoast-schema-graph\">{\"@context\":\"https:\/\/schema.org\",\"@graph\":[{\"@type\":\"WebPage\",\"@id\":\"https:\/\/www.cesarecatania.eu\/fr\/crea-la-tua-scultura-dellabbraccio\/\",\"url\":\"https:\/\/www.cesarecatania.eu\/fr\/crea-la-tua-scultura-dellabbraccio\/\",\"name\":\"Cr\u00e9e ta propre sculpture de l'\u00e9treinte - Cesare Catania - Contemporary Art\",\"isPartOf\":{\"@id\":\"https:\/\/www.cesarecatania.eu\/#website\"},\"datePublished\":\"2024-04-12T17:45:05+00:00\",\"dateModified\":\"2025-09-14T15:03:27+00:00\",\"breadcrumb\":{\"@id\":\"https:\/\/www.cesarecatania.eu\/fr\/crea-la-tua-scultura-dellabbraccio\/#breadcrumb\"},\"inLanguage\":\"fr-FR\",\"potentialAction\":[{\"@type\":\"ReadAction\",\"target\":[\"https:\/\/www.cesarecatania.eu\/fr\/crea-la-tua-scultura-dellabbraccio\/\"]}]},{\"@type\":\"BreadcrumbList\",\"@id\":\"https:\/\/www.cesarecatania.eu\/fr\/crea-la-tua-scultura-dellabbraccio\/#breadcrumb\",\"itemListElement\":[{\"@type\":\"ListItem\",\"position\":1,\"name\":\"\",\"item\":\"https:\/\/www.cesarecatania.eu\/fr\/\"},{\"@type\":\"ListItem\",\"position\":2,\"name\":\"Cr\u00e9e ta propre sculpture de l&#8217;\u00e9treinte\"}]},{\"@type\":\"WebSite\",\"@id\":\"https:\/\/www.cesarecatania.eu\/#website\",\"url\":\"https:\/\/www.cesarecatania.eu\/\",\"name\":\"Cesare Catania - Contemporary Art\",\"description\":\"\u0152uvres de G\u00e9nie \u2013 Peintures \u2013 Sculptures\",\"publisher\":{\"@id\":\"https:\/\/www.cesarecatania.eu\/#\/schema\/person\/584c451c301d1df9adae083787500657\"},\"potentialAction\":[{\"@type\":\"SearchAction\",\"target\":{\"@type\":\"EntryPoint\",\"urlTemplate\":\"https:\/\/www.cesarecatania.eu\/?s={search_term_string}\"},\"query-input\":{\"@type\":\"PropertyValueSpecification\",\"valueRequired\":true,\"valueName\":\"search_term_string\"}}],\"inLanguage\":\"fr-FR\"},{\"@type\":[\"Person\",\"Organization\"],\"@id\":\"https:\/\/www.cesarecatania.eu\/#\/schema\/person\/584c451c301d1df9adae083787500657\",\"name\":\"Cesare Catania\",\"image\":{\"@type\":\"ImageObject\",\"inLanguage\":\"fr-FR\",\"@id\":\"https:\/\/www.cesarecatania.eu\/#\/schema\/person\/image\/\",\"url\":\"https:\/\/secure.gravatar.com\/avatar\/c7d7cb9079ca3f7f5efeaba9650e34bd1db72bef1ff052980417596524c8a888?s=96&d=mm&r=g\",\"contentUrl\":\"https:\/\/secure.gravatar.com\/avatar\/c7d7cb9079ca3f7f5efeaba9650e34bd1db72bef1ff052980417596524c8a888?s=96&d=mm&r=g\",\"caption\":\"Cesare Catania\"},\"logo\":{\"@id\":\"https:\/\/www.cesarecatania.eu\/#\/schema\/person\/image\/\"}}]}<\/script>\n<!-- \/ Yoast SEO plugin. -->","yoast_head_json":{"title":"Cr\u00e9e ta propre sculpture de l'\u00e9treinte - Cesare Catania - Contemporary Art","robots":{"index":"index","follow":"follow","max-snippet":"max-snippet:-1","max-image-preview":"max-image-preview:large","max-video-preview":"max-video-preview:-1"},"canonical":"https:\/\/www.cesarecatania.eu\/fr\/crea-la-tua-scultura-dellabbraccio\/","og_locale":"fr_FR","og_type":"article","og_title":"Cr\u00e9e ta propre sculpture de l'\u00e9treinte - Cesare Catania - Contemporary Art","og_url":"https:\/\/www.cesarecatania.eu\/fr\/crea-la-tua-scultura-dellabbraccio\/","og_site_name":"Cesare Catania - Contemporary Art","article_modified_time":"2025-09-14T15:03:27+00:00","twitter_card":"summary_large_image","twitter_site":"@cesare_catania","schema":{"@context":"https:\/\/schema.org","@graph":[{"@type":"WebPage","@id":"https:\/\/www.cesarecatania.eu\/fr\/crea-la-tua-scultura-dellabbraccio\/","url":"https:\/\/www.cesarecatania.eu\/fr\/crea-la-tua-scultura-dellabbraccio\/","name":"Cr\u00e9e ta propre sculpture de l'\u00e9treinte - Cesare Catania - Contemporary Art","isPartOf":{"@id":"https:\/\/www.cesarecatania.eu\/#website"},"datePublished":"2024-04-12T17:45:05+00:00","dateModified":"2025-09-14T15:03:27+00:00","breadcrumb":{"@id":"https:\/\/www.cesarecatania.eu\/fr\/crea-la-tua-scultura-dellabbraccio\/#breadcrumb"},"inLanguage":"fr-FR","potentialAction":[{"@type":"ReadAction","target":["https:\/\/www.cesarecatania.eu\/fr\/crea-la-tua-scultura-dellabbraccio\/"]}]},{"@type":"BreadcrumbList","@id":"https:\/\/www.cesarecatania.eu\/fr\/crea-la-tua-scultura-dellabbraccio\/#breadcrumb","itemListElement":[{"@type":"ListItem","position":1,"name":"","item":"https:\/\/www.cesarecatania.eu\/fr\/"},{"@type":"ListItem","position":2,"name":"Cr\u00e9e ta propre sculpture de l&#8217;\u00e9treinte"}]},{"@type":"WebSite","@id":"https:\/\/www.cesarecatania.eu\/#website","url":"https:\/\/www.cesarecatania.eu\/","name":"Cesare Catania - Contemporary Art","description":"\u0152uvres de G\u00e9nie \u2013 Peintures \u2013 Sculptures","publisher":{"@id":"https:\/\/www.cesarecatania.eu\/#\/schema\/person\/584c451c301d1df9adae083787500657"},"potentialAction":[{"@type":"SearchAction","target":{"@type":"EntryPoint","urlTemplate":"https:\/\/www.cesarecatania.eu\/?s={search_term_string}"},"query-input":{"@type":"PropertyValueSpecification","valueRequired":true,"valueName":"search_term_string"}}],"inLanguage":"fr-FR"},{"@type":["Person","Organization"],"@id":"https:\/\/www.cesarecatania.eu\/#\/schema\/person\/584c451c301d1df9adae083787500657","name":"Cesare Catania","image":{"@type":"ImageObject","inLanguage":"fr-FR","@id":"https:\/\/www.cesarecatania.eu\/#\/schema\/person\/image\/","url":"https:\/\/secure.gravatar.com\/avatar\/c7d7cb9079ca3f7f5efeaba9650e34bd1db72bef1ff052980417596524c8a888?s=96&d=mm&r=g","contentUrl":"https:\/\/secure.gravatar.com\/avatar\/c7d7cb9079ca3f7f5efeaba9650e34bd1db72bef1ff052980417596524c8a888?s=96&d=mm&r=g","caption":"Cesare Catania"},"logo":{"@id":"https:\/\/www.cesarecatania.eu\/#\/schema\/person\/image\/"}}]}},"_links":{"self":[{"href":"https:\/\/www.cesarecatania.eu\/fr\/wp-json\/wp\/v2\/pages\/43118","targetHints":{"allow":["GET"]}}],"collection":[{"href":"https:\/\/www.cesarecatania.eu\/fr\/wp-json\/wp\/v2\/pages"}],"about":[{"href":"https:\/\/www.cesarecatania.eu\/fr\/wp-json\/wp\/v2\/types\/page"}],"author":[{"embeddable":true,"href":"https:\/\/www.cesarecatania.eu\/fr\/wp-json\/wp\/v2\/users\/20"}],"replies":[{"embeddable":true,"href":"https:\/\/www.cesarecatania.eu\/fr\/wp-json\/wp\/v2\/comments?post=43118"}],"version-history":[{"count":0,"href":"https:\/\/www.cesarecatania.eu\/fr\/wp-json\/wp\/v2\/pages\/43118\/revisions"}],"wp:attachment":[{"href":"https:\/\/www.cesarecatania.eu\/fr\/wp-json\/wp\/v2\/media?parent=43118"}],"wp:term":[{"taxonomy":"category","embeddable":true,"href":"https:\/\/www.cesarecatania.eu\/fr\/wp-json\/wp\/v2\/categories?post=43118"},{"taxonomy":"post_tag","embeddable":true,"href":"https:\/\/www.cesarecatania.eu\/fr\/wp-json\/wp\/v2\/tags?post=43118"}],"curies":[{"name":"wp","href":"https:\/\/api.w.org\/{rel}","templated":true}]}}