{"id":613,"date":"2015-05-13T08:24:33","date_gmt":"2015-05-13T06:24:33","guid":{"rendered":"http:\/\/www.cesarecatania.eu\/?page_id=613"},"modified":"2022-03-28T10:04:10","modified_gmt":"2022-03-28T08:04:10","slug":"contacts","status":"publish","type":"page","link":"https:\/\/www.cesarecatania.eu\/fr\/contacts\/","title":{"rendered":"Contacts"},"content":{"rendered":"\t\t<div data-elementor-type=\"wp-post\" data-elementor-id=\"613\" class=\"elementor elementor-613 elementor-70\" data-elementor-settings=\"{&quot;element_pack_global_tooltip_width&quot;:{&quot;unit&quot;:&quot;px&quot;,&quot;size&quot;:&quot;&quot;,&quot;sizes&quot;:[]},&quot;element_pack_global_tooltip_width_tablet&quot;:{&quot;unit&quot;:&quot;px&quot;,&quot;size&quot;:&quot;&quot;,&quot;sizes&quot;:[]},&quot;element_pack_global_tooltip_width_mobile&quot;:{&quot;unit&quot;:&quot;px&quot;,&quot;size&quot;:&quot;&quot;,&quot;sizes&quot;:[]},&quot;element_pack_global_tooltip_padding&quot;:{&quot;unit&quot;:&quot;px&quot;,&quot;top&quot;:&quot;&quot;,&quot;right&quot;:&quot;&quot;,&quot;bottom&quot;:&quot;&quot;,&quot;left&quot;:&quot;&quot;,&quot;isLinked&quot;:true},&quot;element_pack_global_tooltip_padding_tablet&quot;:{&quot;unit&quot;:&quot;px&quot;,&quot;top&quot;:&quot;&quot;,&quot;right&quot;:&quot;&quot;,&quot;bottom&quot;:&quot;&quot;,&quot;left&quot;:&quot;&quot;,&quot;isLinked&quot;:true},&quot;element_pack_global_tooltip_padding_mobile&quot;:{&quot;unit&quot;:&quot;px&quot;,&quot;top&quot;:&quot;&quot;,&quot;right&quot;:&quot;&quot;,&quot;bottom&quot;:&quot;&quot;,&quot;left&quot;:&quot;&quot;,&quot;isLinked&quot;:true},&quot;element_pack_global_tooltip_border_radius&quot;:{&quot;unit&quot;:&quot;px&quot;,&quot;top&quot;:&quot;&quot;,&quot;right&quot;:&quot;&quot;,&quot;bottom&quot;:&quot;&quot;,&quot;left&quot;:&quot;&quot;,&quot;isLinked&quot;:true},&quot;element_pack_global_tooltip_border_radius_tablet&quot;:{&quot;unit&quot;:&quot;px&quot;,&quot;top&quot;:&quot;&quot;,&quot;right&quot;:&quot;&quot;,&quot;bottom&quot;:&quot;&quot;,&quot;left&quot;:&quot;&quot;,&quot;isLinked&quot;:true},&quot;element_pack_global_tooltip_border_radius_mobile&quot;:{&quot;unit&quot;:&quot;px&quot;,&quot;top&quot;:&quot;&quot;,&quot;right&quot;:&quot;&quot;,&quot;bottom&quot;:&quot;&quot;,&quot;left&quot;:&quot;&quot;,&quot;isLinked&quot;:true}}\" data-elementor-post-type=\"page\">\n\t\t\t\t\t\t<section class=\"has_eae_slider elementor-section elementor-top-section elementor-element elementor-element-714dd5ed elementor-section-content-middle elementor-section-stretched elementor-section-boxed elementor-section-height-default elementor-section-height-default elementor-invisible\" data-eae-slider=\"24264\" data-id=\"714dd5ed\" data-element_type=\"section\" data-settings=\"{&quot;background_background&quot;:&quot;classic&quot;,&quot;stretch_section&quot;:&quot;section-stretched&quot;,&quot;animation&quot;:&quot;fadeInRight&quot;}\">\n\t\t\t\t\t\t<div class=\"elementor-container elementor-column-gap-no\">\n\t\t\t\t\t<div class=\"has_eae_slider elementor-column elementor-col-100 elementor-top-column elementor-element elementor-element-29da8667\" data-eae-slider=\"7994\" data-id=\"29da8667\" data-element_type=\"column\">\n\t\t\t<div class=\"elementor-widget-wrap elementor-element-populated\">\n\t\t\t\t\t\t<div class=\"elementor-element elementor-element-f5a6094 elementor-widget elementor-widget-image\" data-id=\"f5a6094\" data-element_type=\"widget\" data-widget_type=\"image.default\">\n\t\t\t\t<div class=\"elementor-widget-container\">\n\t\t\t\t\t\t\t\t\t\t\t\t\t\t\t<img decoding=\"async\" width=\"73\" height=\"62\" src=\"https:\/\/www.cesarecatania.eu\/wp-content\/uploads\/2021\/01\/call2.png\" class=\"attachment-full size-full wp-image-18381\" alt=\"\" \/>\t\t\t\t\t\t\t\t\t\t\t\t\t\t\t<\/div>\n\t\t\t\t<\/div>\n\t\t\t\t<div class=\"elementor-element elementor-element-5f0e1452 elementor-widget elementor-widget-heading\" data-id=\"5f0e1452\" data-element_type=\"widget\" data-widget_type=\"heading.default\">\n\t\t\t\t<div class=\"elementor-widget-container\">\n\t\t\t\t\t<h1 class=\"elementor-heading-title elementor-size-default\">Oeuvres contemporaines de Cesare Catania comme un \u00e9quilibre de visions<\/h1>\t\t\t\t<\/div>\n\t\t\t\t<\/div>\n\t\t\t\t<div class=\"elementor-element elementor-element-8e85f05 elementor-widget elementor-widget-text-editor\" data-id=\"8e85f05\" data-element_type=\"widget\" data-widget_type=\"text-editor.default\">\n\t\t\t\t<div class=\"elementor-widget-container\">\n\t\t\t\t\t\t\t\t\t<p style=\"text-align: center;\">Les \u0153uvres contemporaines de Cesare Catania sont l\u2019expression du d\u00e9sir de l\u2019artiste d\u2019\u00e9quilibrer l\u2019art classique et son aspiration \u00e0 l\u2019innovation et \u00e0 l\u2019exp\u00e9rimentation. Peintures, sculptures, \u0153uvres d\u2019ing\u00e9niosit\u00e9 de Cesare Catania Art sont r\u00e9alis\u00e9es avec une profonde attention \u00e0 la dimension humaine \u00e0 travers ses \u00e9tudes de la perception des couleurs et des ph\u00e9nom\u00e8nes sociaux, ainsi que sa vision de l\u2019\u00e9nergie de l\u2019univers et de la pr\u00e9sence constante des \u00e9l\u00e9ments de la nature.<\/p>\n\t\t\t\t\t\t\t\t<\/div>\n\t\t\t\t<\/div>\n\t\t\t\t<div class=\"elementor-element elementor-element-286d9b4 elementor-widget elementor-widget-heading\" data-id=\"286d9b4\" data-element_type=\"widget\" data-widget_type=\"heading.default\">\n\t\t\t\t<div class=\"elementor-widget-container\">\n\t\t\t\t\t<h2 class=\"elementor-heading-title elementor-size-default\">Art Cesare Catania: Investissez dans vos sentiments<\/h2>\t\t\t\t<\/div>\n\t\t\t\t<\/div>\n\t\t\t\t<div class=\"elementor-element elementor-element-00851b0 elementor-widget elementor-widget-text-editor\" data-id=\"00851b0\" data-element_type=\"widget\" data-widget_type=\"text-editor.default\">\n\t\t\t\t<div class=\"elementor-widget-container\">\n\t\t\t\t\t\t\t\t\t<p>Les \u0153uvres d&#8217;art de Cesare Catania, riches en \u00e9motions et esth\u00e9tiquement satisfaisantes, refl\u00e8tent les attitudes de la soci\u00e9t\u00e9 dans laquelle nous vivons. \u00e0 travers des symboles, des m\u00e9taphores et des arch\u00e9types.<\/p>\n\t\t\t\t\t\t\t\t<\/div>\n\t\t\t\t<\/div>\n\t\t\t\t<section class=\"has_eae_slider elementor-section elementor-inner-section elementor-element elementor-element-2ffb6d51 elementor-section-content-middle elementor-section-boxed elementor-section-height-default elementor-section-height-default\" data-eae-slider=\"43363\" data-id=\"2ffb6d51\" data-element_type=\"section\">\n\t\t\t\t\t\t<div class=\"elementor-container elementor-column-gap-no\">\n\t\t\t\t\t<div class=\"has_eae_slider elementor-column elementor-col-100 elementor-inner-column elementor-element elementor-element-538b016f\" data-eae-slider=\"29476\" data-id=\"538b016f\" data-element_type=\"column\">\n\t\t\t<div class=\"elementor-widget-wrap elementor-element-populated\">\n\t\t\t\t\t\t<div class=\"elementor-element elementor-element-3a16da85 elementor-button-align-center elementor-widget elementor-widget-form\" data-id=\"3a16da85\" data-element_type=\"widget\" data-settings=\"{&quot;step_next_label&quot;:&quot;Successivo&quot;,&quot;step_previous_label&quot;:&quot;Precedente&quot;,&quot;button_width&quot;:&quot;100&quot;,&quot;step_type&quot;:&quot;number_text&quot;,&quot;step_icon_shape&quot;:&quot;circle&quot;}\" data-widget_type=\"form.default\">\n\t\t\t\t<div class=\"elementor-widget-container\">\n\t\t\t\t\t\t\t<form class=\"elementor-form\" method=\"post\" name=\"New Form\" aria-label=\"New Form\">\n\t\t\t<input type=\"hidden\" name=\"post_id\" value=\"613\"\/>\n\t\t\t<input type=\"hidden\" name=\"form_id\" value=\"3a16da85\"\/>\n\t\t\t<input type=\"hidden\" name=\"referer_title\" value=\"Cesare Catania &#8211; Contemporary Art\" \/>\n\n\t\t\t\n\t\t\t<div class=\"elementor-form-fields-wrapper elementor-labels-\">\n\t\t\t\t\t\t\t\t<div class=\"elementor-field-type-text elementor-field-group elementor-column elementor-field-group-name elementor-col-100 elementor-field-required\">\n\t\t\t\t\t\t\t\t\t\t\t\t<label for=\"form-field-name\" class=\"elementor-field-label elementor-screen-only\">\n\t\t\t\t\t\t\t\tNom\t\t\t\t\t\t\t<\/label>\n\t\t\t\t\t\t\t\t\t\t\t\t\t\t<input size=\"1\" type=\"text\" name=\"form_fields[name]\" id=\"form-field-name\" class=\"elementor-field elementor-size-sm  elementor-field-textual\" placeholder=\"Nom\" required=\"required\">\n\t\t\t\t\t\t\t\t\t\t\t<\/div>\n\t\t\t\t\t\t\t\t<div class=\"elementor-field-type-email elementor-field-group elementor-column elementor-field-group-email elementor-col-100 elementor-field-required\">\n\t\t\t\t\t\t\t\t\t\t\t\t<label for=\"form-field-email\" class=\"elementor-field-label elementor-screen-only\">\n\t\t\t\t\t\t\t\tEmail\t\t\t\t\t\t\t<\/label>\n\t\t\t\t\t\t\t\t\t\t\t\t\t\t<input size=\"1\" type=\"email\" name=\"form_fields[email]\" id=\"form-field-email\" class=\"elementor-field elementor-size-sm  elementor-field-textual\" placeholder=\"Email\" required=\"required\">\n\t\t\t\t\t\t\t\t\t\t\t<\/div>\n\t\t\t\t\t\t\t\t<div class=\"elementor-field-type-text elementor-field-group elementor-column elementor-field-group-field_e8e5ea9 elementor-col-100 elementor-field-required\">\n\t\t\t\t\t\t\t\t\t\t\t\t<label for=\"form-field-field_e8e5ea9\" class=\"elementor-field-label elementor-screen-only\">\n\t\t\t\t\t\t\t\tPhone\t\t\t\t\t\t\t<\/label>\n\t\t\t\t\t\t\t\t\t\t\t\t\t\t<input size=\"1\" type=\"text\" name=\"form_fields[field_e8e5ea9]\" id=\"form-field-field_e8e5ea9\" class=\"elementor-field elementor-size-sm  elementor-field-textual\" placeholder=\"Phone\" required=\"required\">\n\t\t\t\t\t\t\t\t\t\t\t<\/div>\n\t\t\t\t\t\t\t\t<div class=\"elementor-field-type-textarea elementor-field-group elementor-column elementor-field-group-message elementor-col-100 elementor-field-required\">\n\t\t\t\t\t\t\t\t\t\t\t\t<label for=\"form-field-message\" class=\"elementor-field-label elementor-screen-only\">\n\t\t\t\t\t\t\t\tMessage\t\t\t\t\t\t\t<\/label>\n\t\t\t\t\t\t<textarea class=\"elementor-field-textual elementor-field  elementor-size-sm\" name=\"form_fields[message]\" id=\"form-field-message\" rows=\"4\" placeholder=\"Message\" required=\"required\"><\/textarea>\t\t\t\t<\/div>\n\t\t\t\t\t\t\t\t<div class=\"elementor-field-type-recaptcha elementor-field-group elementor-column elementor-field-group-field_8333b00 elementor-col-100\">\n\t\t\t\t\t<div class=\"elementor-field\" id=\"form-field-field_8333b00\"><div class=\"elementor-g-recaptcha\" data-sitekey=\"6LdNCPEUAAAAAHML_R57HFRhFK5L99MJ9H9owYo7\" data-type=\"v2_checkbox\" data-theme=\"light\" data-size=\"normal\"><\/div><\/div>\t\t\t\t<\/div>\n\t\t\t\t\t\t\t\t<div class=\"elementor-field-group elementor-column elementor-field-type-submit elementor-col-100 e-form__buttons\">\n\t\t\t\t\t<button class=\"elementor-button elementor-size-sm elementor-animation-grow\" type=\"submit\">\n\t\t\t\t\t\t<span class=\"elementor-button-content-wrapper\">\n\t\t\t\t\t\t\t\t\t\t\t\t\t\t\t\t\t\t\t\t\t\t<span class=\"elementor-button-text\">envoyer le message<\/span>\n\t\t\t\t\t\t\t\t\t\t\t\t\t<\/span>\n\t\t\t\t\t<\/button>\n\t\t\t\t<\/div>\n\t\t\t<\/div>\n\t\t<\/form>\n\t\t\t\t\t\t<\/div>\n\t\t\t\t<\/div>\n\t\t\t\t<div class=\"elementor-element elementor-element-13ce505 elementor-widget elementor-widget-spacer\" data-id=\"13ce505\" data-element_type=\"widget\" data-widget_type=\"spacer.default\">\n\t\t\t\t<div class=\"elementor-widget-container\">\n\t\t\t\t\t\t\t<div class=\"elementor-spacer\">\n\t\t\t<div class=\"elementor-spacer-inner\"><\/div>\n\t\t<\/div>\n\t\t\t\t\t\t<\/div>\n\t\t\t\t<\/div>\n\t\t\t\t<div class=\"elementor-element elementor-element-2d147c9 elementor-widget elementor-widget-text-editor\" data-id=\"2d147c9\" data-element_type=\"widget\" data-widget_type=\"text-editor.default\">\n\t\t\t\t<div class=\"elementor-widget-container\">\n\t\t\t\t\t\t\t\t\t<p style=\"text-align: center;\">Headquarter:<br \/>Cesare Catania ART<br \/>Via Del Progresso 16<br \/>20125 Milan<br \/>Italy<\/p>\t\t\t\t\t\t\t\t<\/div>\n\t\t\t\t<\/div>\n\t\t\t\t\t<\/div>\n\t\t<\/div>\n\t\t\t\t\t<\/div>\n\t\t<\/section>\n\t\t\t\t\t<\/div>\n\t\t<\/div>\n\t\t\t\t\t<\/div>\n\t\t<\/section>\n\t\t\t\t<section class=\"has_eae_slider elementor-section elementor-top-section elementor-element elementor-element-9503042 elementor-section-boxed elementor-section-height-default elementor-section-height-default\" data-eae-slider=\"99199\" data-id=\"9503042\" data-element_type=\"section\">\n\t\t\t\t\t\t<div class=\"elementor-container elementor-column-gap-default\">\n\t\t\t\t\t<div class=\"has_eae_slider elementor-column elementor-col-100 elementor-top-column elementor-element elementor-element-271fbe5\" data-eae-slider=\"27741\" data-id=\"271fbe5\" data-element_type=\"column\">\n\t\t\t<div class=\"elementor-widget-wrap elementor-element-populated\">\n\t\t\t\t\t\t<div class=\"elementor-element elementor-element-a267df0 elementor-widget elementor-widget-spacer\" data-id=\"a267df0\" data-element_type=\"widget\" data-widget_type=\"spacer.default\">\n\t\t\t\t<div class=\"elementor-widget-container\">\n\t\t\t\t\t\t\t<div class=\"elementor-spacer\">\n\t\t\t<div class=\"elementor-spacer-inner\"><\/div>\n\t\t<\/div>\n\t\t\t\t\t\t<\/div>\n\t\t\t\t<\/div>\n\t\t\t\t\t<\/div>\n\t\t<\/div>\n\t\t\t\t\t<\/div>\n\t\t<\/section>\n\t\t\t\t<\/div>\n\t\t","protected":false},"excerpt":{"rendered":"<p>Oeuvres contemporaines de Cesare Catania comme un \u00e9quilibre de visions Les \u0153uvres contemporaines de Cesare Catania sont l\u2019expression du d\u00e9sir de l\u2019artiste d\u2019\u00e9quilibrer l\u2019art classique et son aspiration \u00e0 l\u2019innovation et \u00e0 l\u2019exp\u00e9rimentation. Peintures, sculptures, \u0153uvres d\u2019ing\u00e9niosit\u00e9 de Cesare Catania [&hellip;]<\/p>\n","protected":false},"author":2,"featured_media":2494,"parent":0,"menu_order":8,"comment_status":"closed","ping_status":"closed","template":"page-templates\/page_single-header-wide.php","meta":{"_eb_attr":"","_vp_format_video_url":"","_vp_image_focal_point":[],"_vp_custom_popup_image":0,"_vp_format_audio_url":"","_vp_custom_thumbnail":0,"_vp_custom_thumbnail_focal_point":[],"_vp_hover_thumbnail":0,"_vp_hover_thumbnail_focal_point":[],"footnotes":""},"categories":[],"tags":[6967,6485,6486,10267,6260],"class_list":["post-613","page","type-page","status-publish","has-post-thumbnail","hentry","tag-arte-fr","tag-arte-contemporanea-fr","tag-cesare-catania-fr","tag-collezione-di-arte-contemporanea-fr","tag-elenco-di-opere-darte"],"yoast_head":"<!-- This site is optimized with the Yoast SEO plugin v26.5 - https:\/\/yoast.com\/wordpress\/plugins\/seo\/ -->\n<title>Contactez Cesare Catania | Artiste contemporain<\/title>\n<meta name=\"description\" content=\"L&#039;art de Cesare Catania va de l&#039;abstrait \u00e0 l&#039;hyperr\u00e9alisme, du surr\u00e9alisme \u00e0 l&#039;informel, de la peinture \u00e0 la sculpture. Contactez Cesare Catania.\" \/>\n<meta name=\"robots\" content=\"index, follow, max-snippet:-1, max-image-preview:large, max-video-preview:-1\" \/>\n<link rel=\"canonical\" href=\"https:\/\/www.cesarecatania.eu\/fr\/contacts\/\" \/>\n<meta property=\"og:locale\" content=\"fr_FR\" \/>\n<meta property=\"og:type\" content=\"article\" \/>\n<meta property=\"og:title\" content=\"Contactez Cesare Catania | Artiste contemporain\" \/>\n<meta property=\"og:description\" content=\"L&#039;art de Cesare Catania va de l&#039;abstrait \u00e0 l&#039;hyperr\u00e9alisme, du surr\u00e9alisme \u00e0 l&#039;informel, de la peinture \u00e0 la sculpture. Contactez Cesare Catania.\" \/>\n<meta property=\"og:url\" content=\"https:\/\/www.cesarecatania.eu\/fr\/contacts\/\" \/>\n<meta property=\"og:site_name\" content=\"Cesare Catania - Contemporary Art\" \/>\n<meta property=\"article:modified_time\" content=\"2022-03-28T08:04:10+00:00\" \/>\n<meta property=\"og:image\" content=\"https:\/\/www.cesarecatania.eu\/wp-content\/uploads\/2015\/03\/dettaglio-autoritratto-x-sfondo.jpg\" \/>\n\t<meta property=\"og:image:width\" content=\"1920\" \/>\n\t<meta property=\"og:image:height\" content=\"573\" \/>\n\t<meta property=\"og:image:type\" content=\"image\/jpeg\" \/>\n<meta name=\"twitter:card\" content=\"summary_large_image\" \/>\n<meta name=\"twitter:site\" content=\"@cesare_catania\" \/>\n<meta name=\"twitter:label1\" content=\"Dur\u00e9e de lecture estim\u00e9e\" \/>\n\t<meta name=\"twitter:data1\" content=\"1 minute\" \/>\n<script type=\"application\/ld+json\" class=\"yoast-schema-graph\">{\"@context\":\"https:\/\/schema.org\",\"@graph\":[{\"@type\":\"WebPage\",\"@id\":\"https:\/\/www.cesarecatania.eu\/fr\/contacts\/\",\"url\":\"https:\/\/www.cesarecatania.eu\/fr\/contacts\/\",\"name\":\"Contactez Cesare Catania | Artiste contemporain\",\"isPartOf\":{\"@id\":\"https:\/\/www.cesarecatania.eu\/#website\"},\"primaryImageOfPage\":{\"@id\":\"https:\/\/www.cesarecatania.eu\/fr\/contacts\/#primaryimage\"},\"image\":{\"@id\":\"https:\/\/www.cesarecatania.eu\/fr\/contacts\/#primaryimage\"},\"thumbnailUrl\":\"https:\/\/www.cesarecatania.eu\/wp-content\/uploads\/2015\/03\/dettaglio-autoritratto-x-sfondo.jpg\",\"datePublished\":\"2015-05-13T06:24:33+00:00\",\"dateModified\":\"2022-03-28T08:04:10+00:00\",\"description\":\"L'art de Cesare Catania va de l'abstrait \u00e0 l'hyperr\u00e9alisme, du surr\u00e9alisme \u00e0 l'informel, de la peinture \u00e0 la sculpture. Contactez Cesare Catania.\",\"breadcrumb\":{\"@id\":\"https:\/\/www.cesarecatania.eu\/fr\/contacts\/#breadcrumb\"},\"inLanguage\":\"fr-FR\",\"potentialAction\":[{\"@type\":\"ReadAction\",\"target\":[\"https:\/\/www.cesarecatania.eu\/fr\/contacts\/\"]}]},{\"@type\":\"ImageObject\",\"inLanguage\":\"fr-FR\",\"@id\":\"https:\/\/www.cesarecatania.eu\/fr\/contacts\/#primaryimage\",\"url\":\"https:\/\/www.cesarecatania.eu\/wp-content\/uploads\/2015\/03\/dettaglio-autoritratto-x-sfondo.jpg\",\"contentUrl\":\"https:\/\/www.cesarecatania.eu\/wp-content\/uploads\/2015\/03\/dettaglio-autoritratto-x-sfondo.jpg\",\"width\":1920,\"height\":573,\"caption\":\"buy art with bitcoin\"},{\"@type\":\"BreadcrumbList\",\"@id\":\"https:\/\/www.cesarecatania.eu\/fr\/contacts\/#breadcrumb\",\"itemListElement\":[{\"@type\":\"ListItem\",\"position\":1,\"name\":\"\",\"item\":\"https:\/\/www.cesarecatania.eu\/fr\/\"},{\"@type\":\"ListItem\",\"position\":2,\"name\":\"Contacts\"}]},{\"@type\":\"WebSite\",\"@id\":\"https:\/\/www.cesarecatania.eu\/#website\",\"url\":\"https:\/\/www.cesarecatania.eu\/\",\"name\":\"Cesare Catania - Contemporary Art\",\"description\":\"\u0152uvres de G\u00e9nie \u2013 Peintures \u2013 Sculptures\",\"publisher\":{\"@id\":\"https:\/\/www.cesarecatania.eu\/#\/schema\/person\/584c451c301d1df9adae083787500657\"},\"potentialAction\":[{\"@type\":\"SearchAction\",\"target\":{\"@type\":\"EntryPoint\",\"urlTemplate\":\"https:\/\/www.cesarecatania.eu\/?s={search_term_string}\"},\"query-input\":{\"@type\":\"PropertyValueSpecification\",\"valueRequired\":true,\"valueName\":\"search_term_string\"}}],\"inLanguage\":\"fr-FR\"},{\"@type\":[\"Person\",\"Organization\"],\"@id\":\"https:\/\/www.cesarecatania.eu\/#\/schema\/person\/584c451c301d1df9adae083787500657\",\"name\":\"Cesare Catania\",\"image\":{\"@type\":\"ImageObject\",\"inLanguage\":\"fr-FR\",\"@id\":\"https:\/\/www.cesarecatania.eu\/#\/schema\/person\/image\/\",\"url\":\"https:\/\/secure.gravatar.com\/avatar\/c7d7cb9079ca3f7f5efeaba9650e34bd1db72bef1ff052980417596524c8a888?s=96&d=mm&r=g\",\"contentUrl\":\"https:\/\/secure.gravatar.com\/avatar\/c7d7cb9079ca3f7f5efeaba9650e34bd1db72bef1ff052980417596524c8a888?s=96&d=mm&r=g\",\"caption\":\"Cesare Catania\"},\"logo\":{\"@id\":\"https:\/\/www.cesarecatania.eu\/#\/schema\/person\/image\/\"}}]}<\/script>\n<!-- \/ Yoast SEO plugin. -->","yoast_head_json":{"title":"Contactez Cesare Catania | Artiste contemporain","description":"L'art de Cesare Catania va de l'abstrait \u00e0 l'hyperr\u00e9alisme, du surr\u00e9alisme \u00e0 l'informel, de la peinture \u00e0 la sculpture. Contactez Cesare Catania.","robots":{"index":"index","follow":"follow","max-snippet":"max-snippet:-1","max-image-preview":"max-image-preview:large","max-video-preview":"max-video-preview:-1"},"canonical":"https:\/\/www.cesarecatania.eu\/fr\/contacts\/","og_locale":"fr_FR","og_type":"article","og_title":"Contactez Cesare Catania | Artiste contemporain","og_description":"L'art de Cesare Catania va de l'abstrait \u00e0 l'hyperr\u00e9alisme, du surr\u00e9alisme \u00e0 l'informel, de la peinture \u00e0 la sculpture. Contactez Cesare Catania.","og_url":"https:\/\/www.cesarecatania.eu\/fr\/contacts\/","og_site_name":"Cesare Catania - Contemporary Art","article_modified_time":"2022-03-28T08:04:10+00:00","og_image":[{"width":1920,"height":573,"url":"https:\/\/www.cesarecatania.eu\/wp-content\/uploads\/2015\/03\/dettaglio-autoritratto-x-sfondo.jpg","type":"image\/jpeg"}],"twitter_card":"summary_large_image","twitter_site":"@cesare_catania","twitter_misc":{"Dur\u00e9e de lecture estim\u00e9e":"1 minute"},"schema":{"@context":"https:\/\/schema.org","@graph":[{"@type":"WebPage","@id":"https:\/\/www.cesarecatania.eu\/fr\/contacts\/","url":"https:\/\/www.cesarecatania.eu\/fr\/contacts\/","name":"Contactez Cesare Catania | Artiste contemporain","isPartOf":{"@id":"https:\/\/www.cesarecatania.eu\/#website"},"primaryImageOfPage":{"@id":"https:\/\/www.cesarecatania.eu\/fr\/contacts\/#primaryimage"},"image":{"@id":"https:\/\/www.cesarecatania.eu\/fr\/contacts\/#primaryimage"},"thumbnailUrl":"https:\/\/www.cesarecatania.eu\/wp-content\/uploads\/2015\/03\/dettaglio-autoritratto-x-sfondo.jpg","datePublished":"2015-05-13T06:24:33+00:00","dateModified":"2022-03-28T08:04:10+00:00","description":"L'art de Cesare Catania va de l'abstrait \u00e0 l'hyperr\u00e9alisme, du surr\u00e9alisme \u00e0 l'informel, de la peinture \u00e0 la sculpture. Contactez Cesare Catania.","breadcrumb":{"@id":"https:\/\/www.cesarecatania.eu\/fr\/contacts\/#breadcrumb"},"inLanguage":"fr-FR","potentialAction":[{"@type":"ReadAction","target":["https:\/\/www.cesarecatania.eu\/fr\/contacts\/"]}]},{"@type":"ImageObject","inLanguage":"fr-FR","@id":"https:\/\/www.cesarecatania.eu\/fr\/contacts\/#primaryimage","url":"https:\/\/www.cesarecatania.eu\/wp-content\/uploads\/2015\/03\/dettaglio-autoritratto-x-sfondo.jpg","contentUrl":"https:\/\/www.cesarecatania.eu\/wp-content\/uploads\/2015\/03\/dettaglio-autoritratto-x-sfondo.jpg","width":1920,"height":573,"caption":"buy art with bitcoin"},{"@type":"BreadcrumbList","@id":"https:\/\/www.cesarecatania.eu\/fr\/contacts\/#breadcrumb","itemListElement":[{"@type":"ListItem","position":1,"name":"","item":"https:\/\/www.cesarecatania.eu\/fr\/"},{"@type":"ListItem","position":2,"name":"Contacts"}]},{"@type":"WebSite","@id":"https:\/\/www.cesarecatania.eu\/#website","url":"https:\/\/www.cesarecatania.eu\/","name":"Cesare Catania - Contemporary Art","description":"\u0152uvres de G\u00e9nie \u2013 Peintures \u2013 Sculptures","publisher":{"@id":"https:\/\/www.cesarecatania.eu\/#\/schema\/person\/584c451c301d1df9adae083787500657"},"potentialAction":[{"@type":"SearchAction","target":{"@type":"EntryPoint","urlTemplate":"https:\/\/www.cesarecatania.eu\/?s={search_term_string}"},"query-input":{"@type":"PropertyValueSpecification","valueRequired":true,"valueName":"search_term_string"}}],"inLanguage":"fr-FR"},{"@type":["Person","Organization"],"@id":"https:\/\/www.cesarecatania.eu\/#\/schema\/person\/584c451c301d1df9adae083787500657","name":"Cesare Catania","image":{"@type":"ImageObject","inLanguage":"fr-FR","@id":"https:\/\/www.cesarecatania.eu\/#\/schema\/person\/image\/","url":"https:\/\/secure.gravatar.com\/avatar\/c7d7cb9079ca3f7f5efeaba9650e34bd1db72bef1ff052980417596524c8a888?s=96&d=mm&r=g","contentUrl":"https:\/\/secure.gravatar.com\/avatar\/c7d7cb9079ca3f7f5efeaba9650e34bd1db72bef1ff052980417596524c8a888?s=96&d=mm&r=g","caption":"Cesare Catania"},"logo":{"@id":"https:\/\/www.cesarecatania.eu\/#\/schema\/person\/image\/"}}]}},"_links":{"self":[{"href":"https:\/\/www.cesarecatania.eu\/fr\/wp-json\/wp\/v2\/pages\/613","targetHints":{"allow":["GET"]}}],"collection":[{"href":"https:\/\/www.cesarecatania.eu\/fr\/wp-json\/wp\/v2\/pages"}],"about":[{"href":"https:\/\/www.cesarecatania.eu\/fr\/wp-json\/wp\/v2\/types\/page"}],"author":[{"embeddable":true,"href":"https:\/\/www.cesarecatania.eu\/fr\/wp-json\/wp\/v2\/users\/2"}],"replies":[{"embeddable":true,"href":"https:\/\/www.cesarecatania.eu\/fr\/wp-json\/wp\/v2\/comments?post=613"}],"version-history":[{"count":0,"href":"https:\/\/www.cesarecatania.eu\/fr\/wp-json\/wp\/v2\/pages\/613\/revisions"}],"wp:featuredmedia":[{"embeddable":true,"href":"https:\/\/www.cesarecatania.eu\/fr\/wp-json\/wp\/v2\/media\/2494"}],"wp:attachment":[{"href":"https:\/\/www.cesarecatania.eu\/fr\/wp-json\/wp\/v2\/media?parent=613"}],"wp:term":[{"taxonomy":"category","embeddable":true,"href":"https:\/\/www.cesarecatania.eu\/fr\/wp-json\/wp\/v2\/categories?post=613"},{"taxonomy":"post_tag","embeddable":true,"href":"https:\/\/www.cesarecatania.eu\/fr\/wp-json\/wp\/v2\/tags?post=613"}],"curies":[{"name":"wp","href":"https:\/\/api.w.org\/{rel}","templated":true}]}}